{"id":11,"date":"2012-05-18T06:30:41","date_gmt":"2012-05-18T06:30:41","guid":{"rendered":"http:\/\/FSV-Schwarzbach.de\/?page_id=11"},"modified":"2015-06-10T18:45:33","modified_gmt":"2015-06-10T17:45:33","slug":"gastebuch","status":"publish","type":"page","link":"https:\/\/fsv-schwarzbach.de\/index.php\/gastebuch\/","title":{"rendered":"G\u00e4stebuch"},"content":{"rendered":"<div class=\"gwolle-gb\"><div class=\"gwolle-gb-messages-top-container\"><\/div>\n\t\t\t<div class=\"gwolle-gb-write-button\">\n\t\t\t\t<input type=\"button\" name=\"gwolle-gb-write-button\" class=\"button btn btn-default \" value=\"Neuen Eintrag schreiben\" aria-expanded=\"false\" \/>\n\t\t\t<\/div>\n\t\t\t<form action=\"#\" method=\"POST\" class=\"gwolle-gb-write gwolle-gb-hide gwolle-gb-float gwolle-gb-form-ajax gwolle-gb-ajax gwolle-gb-not-logged-in\">\n\t\t\t\t<h3>Neuen Eintrag f\u00fcr das G\u00e4stebuch verfassen<\/h3>\n\t\t\t\t<button type=\"button\" class=\"gb-notice-dismiss\">x<span class=\"screen-reader-text\">Dieses Formular ausblenden<\/span><\/button>\n\t\t\t\n\t\t\t\t<input type=\"hidden\" name=\"gwolle_gb_function\" class=\"gwolle_gb_function\" value=\"add_entry\" \/><input type=\"hidden\" name=\"gwolle_gb_book_id\" class=\"gwolle_gb_book_id\" value=\"1\" \/><div class=\"gwolle_gb_1cf02de9d64c4f6ccc100290e00035a3\">\n\t\t\t\t<div class=\"label\"><label for=\"gwolle_gb_1cf02de9d64c4f6ccc100290e00035a3-1\" class=\"text-info\">Name <span class=\"required\">*<\/span><\/label><\/div>\n\t\t\t\t<div class=\"input\"><input class=\"wp-exclude-emoji gwolle_gb_1cf02de9d64c4f6ccc100290e00035a3\" value=\"\" type=\"text\" id=\"gwolle_gb_1cf02de9d64c4f6ccc100290e00035a3-1\" name=\"gwolle_gb_1cf02de9d64c4f6ccc100290e00035a3\" required \/><\/div>\n\t\t\t\t<div class=\"clearBoth\">&nbsp;<\/div>\n\t\t\t<\/div><div class=\"gwolle_gb_0caddfccf55f1fab08ace6dd34ef9beb\">\n\t\t\t\t<div class=\"label\"><label for=\"gwolle_gb_0caddfccf55f1fab08ace6dd34ef9beb-1\" class=\"text-info\">E-Mail<\/label><\/div>\n\t\t\t\t<div class=\"input\"><input class=\"gwolle_gb_0caddfccf55f1fab08ace6dd34ef9beb\" value=\"\" type=\"email\" id=\"gwolle_gb_0caddfccf55f1fab08ace6dd34ef9beb-1\" name=\"gwolle_gb_0caddfccf55f1fab08ace6dd34ef9beb\" \/><\/div>\n\t\t\t\t<div class=\"clearBoth\">&nbsp;<\/div>\n\t\t\t<\/div>\n\t\t\t<div class=\"gwolle_gb_47dd8d098d7d18dbeca232b6f7c397d3\" style=\"display:none;overflow:hidden;\" hidden=\"true\" aria-hidden=\"true\">\n\t\t\t\t<div class=\"label\">\n\t\t\t\t\t<label for=\"gwolle_gb_47dd8d098d7d18dbeca232b6f7c397d3-1\" class=\"text-primary\">Hier nichts eingeben<\/label>\n\t\t\t\t\t<label for=\"gwolle_gb_bad21e18157f2aafa0a775c73205343c-1\" class=\"text-primary\">Hier nichts eingeben<\/label>\n\t\t\t\t<\/div>\n\t\t\t\t<div class=\"input\">\n\t\t\t\t\t<input value=\"15\" type=\"text\" id=\"gwolle_gb_47dd8d098d7d18dbeca232b6f7c397d3-1\" name=\"gwolle_gb_47dd8d098d7d18dbeca232b6f7c397d3\" class=\"gwolle_gb_47dd8d098d7d18dbeca232b6f7c397d3\" style=\"transform: translateY(10000px);\" \/>\n\t\t\t\t\t<input value=\"\" type=\"text\" name=\"gwolle_gb_bad21e18157f2aafa0a775c73205343c\" id=\"gwolle_gb_bad21e18157f2aafa0a775c73205343c-1\" class=\"gwolle_gb_bad21e18157f2aafa0a775c73205343c\" style=\"transform: translateY(10000px);\" \/>\n\t\t\t\t<\/div>\n\t\t\t\t<div class=\"clearBoth\"><\/div>\n\t\t\t<\/div>\n\t\t\t<div class=\"gwolle_gb_4f8749c513cb7eaabcad48cdf0780c17\" style=\"display:none;overflow:hidden;\" hidden=\"true\" aria-hidden=\"true\">\n\t\t\t\t<div class=\"label\">\n\t\t\t\t\t<label for=\"gwolle_gb_4f8749c513cb7eaabcad48cdf0780c17-1\" class=\"text-primary\">Hier nichts eingeben<\/label>\n\t\t\t\t\t<label for=\"gwolle_gb_b476941719d20373c54e9c4a5f090302-1\" class=\"text-primary\">Hier nichts eingeben<\/label>\n\t\t\t\t<\/div>\n\t\t\t\t<div class=\"input\">\n\t\t\t\t\t<input value=\"83018\" type=\"text\" id=\"gwolle_gb_4f8749c513cb7eaabcad48cdf0780c17-1\" name=\"gwolle_gb_4f8749c513cb7eaabcad48cdf0780c17\" class=\"gwolle_gb_4f8749c513cb7eaabcad48cdf0780c17\" style=\"transform: translateY(10000px);\" \/>\n\t\t\t\t\t<input value=\"83018\" type=\"text\"id=\"gwolle_gb_b476941719d20373c54e9c4a5f090302-1\" name=\"gwolle_gb_b476941719d20373c54e9c4a5f090302\" class=\"gwolle_gb_b476941719d20373c54e9c4a5f090302\" style=\"transform: translateY(10000px);\" \/>\n\t\t\t\t<\/div>\n\t\t\t\t<div class=\"clearBoth\"><\/div>\n\t\t\t<\/div><div class=\"gwolle_gb_content\">\n\t\t\t\t<div class=\"label\"><label for=\"gwolle_gb_content-1\" class=\"text-info\">G\u00e4stebucheintrag <span class=\"required\">*<\/span><\/label><\/div>\n\t\t\t\t<div class=\"input\"><textarea id=\"gwolle_gb_content-1\" name=\"gwolle_gb_content\" class=\"gwolle_gb_content wp-exclude-emoji\" required ><\/textarea><\/div>\n\t\t\t\t\t<div class=\"clearBoth\">&nbsp;<\/div>\n\t\t\t\t<\/div>\n\t\t\t\t<div class=\"gwolle_gb_antispam gwolle-gb-antispam\">\n\t\t\t\t\t<div class=\"label\">\n\t\t\t\t\t\t<label for=\"gwolle_gb_73864a2deab8f1e8d363448edbf65c19-1\" class=\"text-info\">Frage: 16+4= <span class=\"required\">*<\/span><\/label>\n\t\t\t\t\t<\/div>\n\t\t\t\t\t<div class=\"input\"><input class=\"gwolle_gb_73864a2deab8f1e8d363448edbf65c19\" value=\"\" type=\"text\" id=\"gwolle_gb_73864a2deab8f1e8d363448edbf65c19-1\" name=\"gwolle_gb_73864a2deab8f1e8d363448edbf65c19\" required \/>\n\t\t\t\t\t\t<\/div>\n\t\t\t\t\t\t<div class=\"clearBoth\">&nbsp;<\/div>\n\t\t\t\t\t<\/div><input type=\"hidden\" class=\"gwolle_gb_56ebaa55cb1683f9fa0da739e3a9ff81\" id=\"gwolle_gb_56ebaa55cb1683f9fa0da739e3a9ff81-1\" name=\"gwolle_gb_56ebaa55cb1683f9fa0da739e3a9ff81\" value=\"c9a2cf165b\" \/>\n\t\t\t<div class=\"gwolle-gb-messages-bottom-container\"><\/div>\n\n\t\t\t<noscript><div class=\"no-js\">Warnung: Dieses Formular kann nur verwendet werden, wenn in deinem Browser JavaScript aktiviert ist.<\/div><\/noscript>\n\n\t\t\t<div class=\"gwolle_gb_submit gwolle-gb-submit\">\n\t\t\t\t<div class=\"label gwolle-gb-invisible text-muted\">&nbsp;<\/div>\n\t\t\t\t<div class=\"input\">\n\t\t\t\t\t<input type=\"submit\" name=\"gwolle_gb_submit\" class=\"gwolle_gb_submit button btn btn-primary \" value=\"Absenden\" \/>\n\t\t\t\t\t<span class=\"gwolle_gb_submit_ajax_icon gwolle-gb-submit-ajax-icon\"><\/span>\n\t\t\t\n\t\t\t\t<\/div>\n\t\t\t\t<div class=\"clearBoth\">&nbsp;<\/div>\n\t\t\t<\/div>\n\n\t\t\t<div class=\"gwolle_gb_notice gwolle-gb-notice\">\n\t\t\t\tFelder mit * sind erforderlich um einen Eintrag zu senden.\n\t\t\t<\/div><\/form><div class=\"gwolle-gb-read gwolle-gb-ajax gwolle-gb-entries-list\" data-book_id=\"1\" data-page_id=\"1\">\n\t\t<div id=\"gwolle-gb-total\" class=\"gwolle-gb-total\">1 Eintrag<\/div><!-- Gwolle-GB Entry: Default Template Loaded -->\n\t\t\t\t<div class=\"gb-entry gb-entry_1 gb-entry-count_1 gwolle-gb-uneven gwolle-gb-first\" id=\"gb-entry_1\" data-entry_id=\"1\">\n\t\t\t\t<article>\n\t\t\t\t\t<div class=\"gb-author-info\">\n\t\t\t\t\t\t<span class=\"gb-author-name\"><i class=\"gb-moderator\">Admin<\/i>\n\t\t\t\t\t\t<\/span>\n\t\t\t\t\t\t<span class=\"gb-datetime\">\n\t\t\t\t\t\t\t<span class=\"gb-date\"><span class=\"gb-date-wrote-text\"> schrieb am<\/span><span class=\"gb-date-text\"> 5. M\u00e4rz 2019<\/span>\n\t\t\t\t\t\t\t<\/span><span class=\"gb-time\">\n\t\t\t\t\t\t\t\t\t<span class=\"gb-time-at-text\"> um<\/span>\n\t\t\t\t\t\t\t\t\t<span class=\"gb-time-text\"> 16:13<\/span>\n\t\t\t\t\t\t\t\t<\/span>\n\t\t\t\t\t\t<\/span> \n\t\t\t\t\t<\/div>\n\t\t\t\t\t<div class=\"gb-entry-content\">Liebe Freunde des FSV,\n\nwird sind dabei unseren Hof vor dem Sportlerheim zu erneuern. Dies ist mit hohen Kosten verbunden. Nun f\u00f6rdert die Rh\u00f6nenergie-Fulda Projekte von Vereinen. \nNur die 25 Vereine mit den meisten Stimmen bekommen einen einmaligen Zuschuss in H\u00f6he von 4.000,- \u20ac, was f\u00fcr uns eine riesige Unterst\u00fctzung w\u00e4re.\n\nJetzt kommt ihr ins Spiel!\n\nWir ben\u00f6tigen jeden Tag eine Stimme von euch unter folgendem Link\n\nhttps:\/\/voting.re-fd.de\/voting\/mein-versorger-mein-verein-2019\/hoferneuerung-vor-unserem-sportlerheim\/gallery\/\n\nDie Stimmen werden noch bis 26.03. gewertet, daher w\u00fcrden wir uns t\u00e4glich \u00fcber eure Unterst\u00fctzung freuen.\n\nAuf eure Unterst\u00fctzung freut sich der DJK-FSV Schwarzbach e.V.\n\t\t\t\t\t<\/div>\n\t\t\t\t<\/article>\n\t\t\t<\/div>\n\t\t\t<\/div><\/div>\n","protected":false},"excerpt":{"rendered":"","protected":false},"author":1,"featured_media":0,"parent":0,"menu_order":0,"comment_status":"closed","ping_status":"closed","template":"","meta":{"footnotes":""},"class_list":["post-11","page","type-page","status-publish","hentry"],"_links":{"self":[{"href":"https:\/\/fsv-schwarzbach.de\/index.php\/wp-json\/wp\/v2\/pages\/11","targetHints":{"allow":["GET"]}}],"collection":[{"href":"https:\/\/fsv-schwarzbach.de\/index.php\/wp-json\/wp\/v2\/pages"}],"about":[{"href":"https:\/\/fsv-schwarzbach.de\/index.php\/wp-json\/wp\/v2\/types\/page"}],"author":[{"embeddable":true,"href":"https:\/\/fsv-schwarzbach.de\/index.php\/wp-json\/wp\/v2\/users\/1"}],"replies":[{"embeddable":true,"href":"https:\/\/fsv-schwarzbach.de\/index.php\/wp-json\/wp\/v2\/comments?post=11"}],"version-history":[{"count":0,"href":"https:\/\/fsv-schwarzbach.de\/index.php\/wp-json\/wp\/v2\/pages\/11\/revisions"}],"wp:attachment":[{"href":"https:\/\/fsv-schwarzbach.de\/index.php\/wp-json\/wp\/v2\/media?parent=11"}],"curies":[{"name":"wp","href":"https:\/\/api.w.org\/{rel}","templated":true}]}}