{"id":183,"date":"2012-09-26T08:35:50","date_gmt":"2012-09-26T08:35:50","guid":{"rendered":"http:\/\/fsv-schwarzbach.de\/?page_id=183"},"modified":"2025-10-10T10:18:57","modified_gmt":"2025-10-10T09:18:57","slug":"2-mannschaft-2","status":"publish","type":"page","link":"https:\/\/fsv-schwarzbach.de\/index.php\/2-mannschaft-2\/","title":{"rendered":"2. Mannschaft"},"content":{"rendered":"<p><img loading=\"lazy\" decoding=\"async\" class=\"aligncenter size-full wp-image-1807\" src=\"http:\/\/fsv-schwarzbach.de\/wp-content\/uploads\/2018\/08\/IMG_5787.jpg\" alt=\"\" width=\"2304\" height=\"1728\" srcset=\"https:\/\/fsv-schwarzbach.de\/wp-content\/uploads\/2018\/08\/IMG_5787.jpg 2304w, https:\/\/fsv-schwarzbach.de\/wp-content\/uploads\/2018\/08\/IMG_5787-300x225.jpg 300w, https:\/\/fsv-schwarzbach.de\/wp-content\/uploads\/2018\/08\/IMG_5787-768x576.jpg 768w, https:\/\/fsv-schwarzbach.de\/wp-content\/uploads\/2018\/08\/IMG_5787-1024x768.jpg 1024w, https:\/\/fsv-schwarzbach.de\/wp-content\/uploads\/2018\/08\/IMG_5787-400x300.jpg 400w\" sizes=\"auto, (max-width: 2304px) 100vw, 2304px\" \/><\/p>\n<p>Von Links: J\u00f6rg Zinn, Harald Sch\u00e4fer, Georg Kling, Justin Herbert, Thomas Fladung, Bernd Laibach und Robert Mannz<\/p>\n<p><strong><span style=\"text-decoration: underline;\">Aufstellung:<\/span><\/strong><\/p>\n<table style=\"height: 302px;\" border=\"1\" width=\"617\" cellspacing=\"0\" cellpadding=\"3\">\n<tbody>\n<tr>\n<td>1.<\/td>\n<td>Georg Kling<\/td>\n<\/tr>\n<tr>\n<td>2.<\/td>\n<td>J\u00f6rg Zinn<\/td>\n<\/tr>\n<tr>\n<td>3.<\/td>\n<td>Stefan R\u00f6der<\/td>\n<\/tr>\n<tr>\n<td>4.<\/td>\n<td>Harald Sch\u00e4fer<\/td>\n<\/tr>\n<tr>\n<td>\u00a0<\/td>\n<td>\u00a0<\/td>\n<\/tr>\n<tr>\n<td>\u00a0<\/td>\n<td>\u00a0<\/td>\n<\/tr>\n<tr>\n<td>\u00a0<\/td>\n<td>\u00a0<\/td>\n<\/tr>\n<\/tbody>\n<\/table>\n\n\n<div class=\"wp-block-buttons is-content-justification-center is-layout-flex wp-container-core-buttons-is-layout-16018d1d wp-block-buttons-is-layout-flex\">\n<div class=\"wp-block-button\"><a class=\"wp-block-button__link wp-element-button\" href=\"https:\/\/www.mytischtennis.de\/click-tt\/HeTTV\/25--26\/ligen\/1._Kreisklasse_Gr._1\/gruppe\/496029\/tabelle\/gesamt\">Tabellen\/Ergebnisse\/Statistiken<\/a><\/div>\n<\/div>\n\n\n\n<p><\/p>\n","protected":false},"excerpt":{"rendered":"<p>Von Links: J\u00f6rg Zinn, Harald Sch\u00e4fer, Georg Kling, Justin Herbert, Thomas Fladung, Bernd Laibach und Robert Mannz Aufstellung: 1. Georg Kling 2. J\u00f6rg Zinn 3. Stefan R\u00f6der 4. Harald Sch\u00e4fer \u00a0 \u00a0 \u00a0 \u00a0 \u00a0 \u00a0<\/p>\n","protected":false},"author":1,"featured_media":0,"parent":0,"menu_order":0,"comment_status":"closed","ping_status":"closed","template":"","meta":{"footnotes":""},"class_list":["post-183","page","type-page","status-publish","hentry"],"_links":{"self":[{"href":"https:\/\/fsv-schwarzbach.de\/index.php\/wp-json\/wp\/v2\/pages\/183","targetHints":{"allow":["GET"]}}],"collection":[{"href":"https:\/\/fsv-schwarzbach.de\/index.php\/wp-json\/wp\/v2\/pages"}],"about":[{"href":"https:\/\/fsv-schwarzbach.de\/index.php\/wp-json\/wp\/v2\/types\/page"}],"author":[{"embeddable":true,"href":"https:\/\/fsv-schwarzbach.de\/index.php\/wp-json\/wp\/v2\/users\/1"}],"replies":[{"embeddable":true,"href":"https:\/\/fsv-schwarzbach.de\/index.php\/wp-json\/wp\/v2\/comments?post=183"}],"version-history":[{"count":0,"href":"https:\/\/fsv-schwarzbach.de\/index.php\/wp-json\/wp\/v2\/pages\/183\/revisions"}],"wp:attachment":[{"href":"https:\/\/fsv-schwarzbach.de\/index.php\/wp-json\/wp\/v2\/media?parent=183"}],"curies":[{"name":"wp","href":"https:\/\/api.w.org\/{rel}","templated":true}]}}