{"id":1902,"date":"2020-08-11T09:08:51","date_gmt":"2020-08-11T08:08:51","guid":{"rendered":"http:\/\/fsv-schwarzbach.de\/?page_id=1902"},"modified":"2022-12-09T14:23:36","modified_gmt":"2022-12-09T13:23:36","slug":"corona-datenerhebung","status":"publish","type":"page","link":"https:\/\/fsv-schwarzbach.de\/index.php\/corona-datenerhebung\/","title":{"rendered":"Vermietung Sportlerheim"},"content":{"rendered":"\n<p>Ab sofort vermieten wir unser Sportlerheim an Mitglieder und Freunde des FSV. Insgesamt stehen max. 50 Sitzpl\u00e4tze und eine ausgestattete K\u00fcche inkl. Theke zur Verf\u00fcgung. Bei Interesse bzw. Fragen steht euch Harald Sch\u00e4fer unter der 06684 1496 gerne zur Verf\u00fcgung. <\/p>\n\n\n\n<p>Anbei findet ihr einige Impressionen von zwei Feiern, die wir dieses Jahr im Sportlerheim durchgef\u00fchrt haben. <\/p>\n\n\n\n<figure class=\"wp-block-gallery has-nested-images columns-default is-cropped wp-block-gallery-1 is-layout-flex wp-block-gallery-is-layout-flex\">\n<figure class=\"wp-block-image size-large\"><a href=\"https:\/\/fsv-schwarzbach.de\/wp-content\/uploads\/2022\/12\/PHOTO-2022-11-22-16-6535-36.jpg\"><img loading=\"lazy\" decoding=\"async\" width=\"1024\" height=\"768\" data-id=\"1982\" src=\"https:\/\/fsv-schwarzbach.de\/wp-content\/uploads\/2022\/12\/PHOTO-2022-11-22-16-6535-36-1024x768.jpg\" alt=\"\" class=\"wp-image-1982\" srcset=\"https:\/\/fsv-schwarzbach.de\/wp-content\/uploads\/2022\/12\/PHOTO-2022-11-22-16-6535-36-1024x768.jpg 1024w, https:\/\/fsv-schwarzbach.de\/wp-content\/uploads\/2022\/12\/PHOTO-2022-11-22-16-6535-36-300x225.jpg 300w, https:\/\/fsv-schwarzbach.de\/wp-content\/uploads\/2022\/12\/PHOTO-2022-11-22-16-6535-36-768x576.jpg 768w, https:\/\/fsv-schwarzbach.de\/wp-content\/uploads\/2022\/12\/PHOTO-2022-11-22-16-6535-36-1536x1152.jpg 1536w, https:\/\/fsv-schwarzbach.de\/wp-content\/uploads\/2022\/12\/PHOTO-2022-11-22-16-6535-36-400x300.jpg 400w, https:\/\/fsv-schwarzbach.de\/wp-content\/uploads\/2022\/12\/PHOTO-2022-11-22-16-6535-36.jpg 2048w\" sizes=\"auto, (max-width: 1024px) 100vw, 1024px\" \/><\/a><\/figure>\n\n\n\n<figure class=\"wp-block-image size-large\"><a href=\"https:\/\/fsv-schwarzbach.de\/wp-content\/uploads\/2022\/12\/PHOTO-2022-11-22-16-35-36.jpg\"><img loading=\"lazy\" decoding=\"async\" width=\"1024\" height=\"721\" data-id=\"1980\" src=\"https:\/\/fsv-schwarzbach.de\/wp-content\/uploads\/2022\/12\/PHOTO-2022-11-22-16-35-36-1024x721.jpg\" alt=\"\" class=\"wp-image-1980\" srcset=\"https:\/\/fsv-schwarzbach.de\/wp-content\/uploads\/2022\/12\/PHOTO-2022-11-22-16-35-36-1024x721.jpg 1024w, https:\/\/fsv-schwarzbach.de\/wp-content\/uploads\/2022\/12\/PHOTO-2022-11-22-16-35-36-300x211.jpg 300w, https:\/\/fsv-schwarzbach.de\/wp-content\/uploads\/2022\/12\/PHOTO-2022-11-22-16-35-36-768x541.jpg 768w, https:\/\/fsv-schwarzbach.de\/wp-content\/uploads\/2022\/12\/PHOTO-2022-11-22-16-35-36-1536x1082.jpg 1536w, https:\/\/fsv-schwarzbach.de\/wp-content\/uploads\/2022\/12\/PHOTO-2022-11-22-16-35-36-426x300.jpg 426w, https:\/\/fsv-schwarzbach.de\/wp-content\/uploads\/2022\/12\/PHOTO-2022-11-22-16-35-36.jpg 2048w\" sizes=\"auto, (max-width: 1024px) 100vw, 1024px\" \/><\/a><\/figure>\n\n\n\n<figure class=\"wp-block-image size-large\"><a href=\"https:\/\/fsv-schwarzbach.de\/wp-content\/uploads\/2022\/12\/PHOTO-2022-11-22-16-35-35.jpg\"><img loading=\"lazy\" decoding=\"async\" width=\"1024\" height=\"768\" data-id=\"1981\" src=\"https:\/\/fsv-schwarzbach.de\/wp-content\/uploads\/2022\/12\/PHOTO-2022-11-22-16-35-35-1024x768.jpg\" alt=\"\" class=\"wp-image-1981\" srcset=\"https:\/\/fsv-schwarzbach.de\/wp-content\/uploads\/2022\/12\/PHOTO-2022-11-22-16-35-35-1024x768.jpg 1024w, https:\/\/fsv-schwarzbach.de\/wp-content\/uploads\/2022\/12\/PHOTO-2022-11-22-16-35-35-300x225.jpg 300w, https:\/\/fsv-schwarzbach.de\/wp-content\/uploads\/2022\/12\/PHOTO-2022-11-22-16-35-35-768x576.jpg 768w, https:\/\/fsv-schwarzbach.de\/wp-content\/uploads\/2022\/12\/PHOTO-2022-11-22-16-35-35-1536x1152.jpg 1536w, https:\/\/fsv-schwarzbach.de\/wp-content\/uploads\/2022\/12\/PHOTO-2022-11-22-16-35-35-400x300.jpg 400w, https:\/\/fsv-schwarzbach.de\/wp-content\/uploads\/2022\/12\/PHOTO-2022-11-22-16-35-35.jpg 2048w\" sizes=\"auto, (max-width: 1024px) 100vw, 1024px\" \/><\/a><\/figure>\n\n\n\n<figure class=\"wp-block-image size-large\"><a href=\"https:\/\/fsv-schwarzbach.de\/wp-content\/uploads\/2022\/12\/PHOTO-2022-11-22-16-3h5-36.jpg\"><img loading=\"lazy\" decoding=\"async\" width=\"1024\" height=\"768\" data-id=\"1979\" src=\"https:\/\/fsv-schwarzbach.de\/wp-content\/uploads\/2022\/12\/PHOTO-2022-11-22-16-3h5-36-1024x768.jpg\" alt=\"\" class=\"wp-image-1979\" srcset=\"https:\/\/fsv-schwarzbach.de\/wp-content\/uploads\/2022\/12\/PHOTO-2022-11-22-16-3h5-36-1024x768.jpg 1024w, https:\/\/fsv-schwarzbach.de\/wp-content\/uploads\/2022\/12\/PHOTO-2022-11-22-16-3h5-36-300x225.jpg 300w, https:\/\/fsv-schwarzbach.de\/wp-content\/uploads\/2022\/12\/PHOTO-2022-11-22-16-3h5-36-768x576.jpg 768w, https:\/\/fsv-schwarzbach.de\/wp-content\/uploads\/2022\/12\/PHOTO-2022-11-22-16-3h5-36-1536x1152.jpg 1536w, https:\/\/fsv-schwarzbach.de\/wp-content\/uploads\/2022\/12\/PHOTO-2022-11-22-16-3h5-36-400x300.jpg 400w, https:\/\/fsv-schwarzbach.de\/wp-content\/uploads\/2022\/12\/PHOTO-2022-11-22-16-3h5-36.jpg 2048w\" sizes=\"auto, (max-width: 1024px) 100vw, 1024px\" \/><\/a><\/figure>\n\n\n\n<figure class=\"wp-block-image size-large\"><a href=\"https:\/\/fsv-schwarzbach.de\/wp-content\/uploads\/2022\/12\/PHOTO-2022-11-21-22-29-44.jpg\"><img loading=\"lazy\" decoding=\"async\" width=\"1024\" height=\"576\" data-id=\"1977\" src=\"https:\/\/fsv-schwarzbach.de\/wp-content\/uploads\/2022\/12\/PHOTO-2022-11-21-22-29-44-1024x576.jpg\" alt=\"\" class=\"wp-image-1977\" srcset=\"https:\/\/fsv-schwarzbach.de\/wp-content\/uploads\/2022\/12\/PHOTO-2022-11-21-22-29-44-1024x576.jpg 1024w, https:\/\/fsv-schwarzbach.de\/wp-content\/uploads\/2022\/12\/PHOTO-2022-11-21-22-29-44-300x169.jpg 300w, https:\/\/fsv-schwarzbach.de\/wp-content\/uploads\/2022\/12\/PHOTO-2022-11-21-22-29-44-768x432.jpg 768w, https:\/\/fsv-schwarzbach.de\/wp-content\/uploads\/2022\/12\/PHOTO-2022-11-21-22-29-44-1536x864.jpg 1536w, https:\/\/fsv-schwarzbach.de\/wp-content\/uploads\/2022\/12\/PHOTO-2022-11-21-22-29-44-500x281.jpg 500w, https:\/\/fsv-schwarzbach.de\/wp-content\/uploads\/2022\/12\/PHOTO-2022-11-21-22-29-44.jpg 1600w\" sizes=\"auto, (max-width: 1024px) 100vw, 1024px\" \/><\/a><\/figure>\n\n\n\n<figure class=\"wp-block-image size-large\"><a href=\"https:\/\/fsv-schwarzbach.de\/wp-content\/uploads\/2022\/12\/PHOTO-2022-11-21-22-29-45.jpg\"><img loading=\"lazy\" decoding=\"async\" width=\"1024\" height=\"576\" data-id=\"1978\" src=\"https:\/\/fsv-schwarzbach.de\/wp-content\/uploads\/2022\/12\/PHOTO-2022-11-21-22-29-45-1024x576.jpg\" alt=\"\" class=\"wp-image-1978\" srcset=\"https:\/\/fsv-schwarzbach.de\/wp-content\/uploads\/2022\/12\/PHOTO-2022-11-21-22-29-45-1024x576.jpg 1024w, https:\/\/fsv-schwarzbach.de\/wp-content\/uploads\/2022\/12\/PHOTO-2022-11-21-22-29-45-300x169.jpg 300w, https:\/\/fsv-schwarzbach.de\/wp-content\/uploads\/2022\/12\/PHOTO-2022-11-21-22-29-45-768x432.jpg 768w, https:\/\/fsv-schwarzbach.de\/wp-content\/uploads\/2022\/12\/PHOTO-2022-11-21-22-29-45-1536x864.jpg 1536w, https:\/\/fsv-schwarzbach.de\/wp-content\/uploads\/2022\/12\/PHOTO-2022-11-21-22-29-45-500x281.jpg 500w, https:\/\/fsv-schwarzbach.de\/wp-content\/uploads\/2022\/12\/PHOTO-2022-11-21-22-29-45.jpg 1600w\" sizes=\"auto, (max-width: 1024px) 100vw, 1024px\" \/><\/a><\/figure>\n<\/figure>\n\n\n\n<p><\/p>\n","protected":false},"excerpt":{"rendered":"<p>Ab sofort vermieten wir unser Sportlerheim an Mitglieder und Freunde des FSV. Insgesamt stehen max. 50 Sitzpl\u00e4tze und eine ausgestattete K\u00fcche inkl. Theke zur Verf\u00fcgung. Bei Interesse bzw. Fragen steht euch Harald Sch\u00e4fer unter der 06684 1496 gerne zur Verf\u00fcgung. &hellip; <a href=\"https:\/\/fsv-schwarzbach.de\/index.php\/corona-datenerhebung\/\">Weiterlesen <span class=\"meta-nav\">&rarr;<\/span><\/a><\/p>\n","protected":false},"author":1,"featured_media":0,"parent":0,"menu_order":0,"comment_status":"closed","ping_status":"closed","template":"","meta":{"footnotes":""},"class_list":["post-1902","page","type-page","status-publish","hentry"],"_links":{"self":[{"href":"https:\/\/fsv-schwarzbach.de\/index.php\/wp-json\/wp\/v2\/pages\/1902","targetHints":{"allow":["GET"]}}],"collection":[{"href":"https:\/\/fsv-schwarzbach.de\/index.php\/wp-json\/wp\/v2\/pages"}],"about":[{"href":"https:\/\/fsv-schwarzbach.de\/index.php\/wp-json\/wp\/v2\/types\/page"}],"author":[{"embeddable":true,"href":"https:\/\/fsv-schwarzbach.de\/index.php\/wp-json\/wp\/v2\/users\/1"}],"replies":[{"embeddable":true,"href":"https:\/\/fsv-schwarzbach.de\/index.php\/wp-json\/wp\/v2\/comments?post=1902"}],"version-history":[{"count":0,"href":"https:\/\/fsv-schwarzbach.de\/index.php\/wp-json\/wp\/v2\/pages\/1902\/revisions"}],"wp:attachment":[{"href":"https:\/\/fsv-schwarzbach.de\/index.php\/wp-json\/wp\/v2\/media?parent=1902"}],"curies":[{"name":"wp","href":"https:\/\/api.w.org\/{rel}","templated":true}]}}