{"id":265,"date":"2013-01-04T14:56:57","date_gmt":"2013-01-04T14:56:57","guid":{"rendered":"http:\/\/fsv-schwarzbach.de\/?page_id=265"},"modified":"2013-01-10T08:37:53","modified_gmt":"2013-01-10T08:37:53","slug":"djk-turnier-2012","status":"publish","type":"page","link":"https:\/\/fsv-schwarzbach.de\/index.php\/djk-turnier-2012\/","title":{"rendered":"DJK Turnier 2012"},"content":{"rendered":"<h1 style=\"text-align: center;\">DJK Turnier der E-Junioren in Hofbieber ein voller Erfolg<\/h1>\n<p>[imagebrowser id=5]<\/p>\n<h1><strong>Schwarzbachs E 1-Junioren Deutscher DJK Bundeshallenmeister<\/strong><\/h1>\n<p>Nachdem der DJK FSV Schwarzbach im Jahr 2010 bereits die DJK Bundeshallenmeisterschaften der C-Junioren austragen durfte, ist es dem Verein wieder gelungen die Deutschen Meisterschaften nach Hofbieber zu holen. Am letzten Wochenende kamen E-Juniorenteams aus ganz Deutschland in die Rh\u00f6n um den DJK Bundeshallenmeister 2012\/2013 auszuspielen.<\/p>\n<p>Am Samstag wurde in zwei Gruppen die Vorrunde gespielt. Die jeweils 2 Gruppenbesten und der bessere Gruppendritte qualifizierten sich f\u00fcr die Gruppe der besten 5, unter denen der Bundesmeister ausgespielt wurde, die zweite Gruppe spielte die Pl\u00e4tze 6 bis 10 aus.<\/p>\n<p>Schon am ersten Spieltag deutete sich an, dass die zweite Vertretung des DJK Schwarz-Wei\u00df Neuk\u00f6lln ein ganz hei\u00dfer Kandidat f\u00fcr den Titel sein wird. Die Mannschaft, welche komplett mit Spielern aus dem j\u00fcngeren, 2003er Jahrgang best\u00fcckt war, zeigte einen tollen Fu\u00dfball und gewann seine Gruppe souver\u00e4n mit 12 Punkten und 38:0 Toren. Als einzige einheimische Mannschaft konnte sich Schwarzbach I als bester Gruppendritter f\u00fcr die Gruppe der besten 5 qualifizieren. Die Vertretungen von N\u00fcsttal I und II sowie von Schwarzbach II und Bieberstein mussten sich mit der Trostrunde begn\u00fcgen und in der Gruppe A um die Pl\u00e4tze 6 bis 10 spielen.<\/p>\n<p>Am Sonntag wurde den Zuschauern dann in der Endrunde nochmal klasse Fu\u00dfball geboten. In der Trostrunde setzte sich N\u00fcsttal I durch und sicherte sich\u00a0 so, nach einer klaren Leistungssteigerung gegen\u00fcber dem Vortag, den 6. Platz vor Hattersheim, Bieberstein, Schwarzbach II und N\u00fcsttal II.<\/p>\n<p>Im Kampf um Platz eins gab es dann eine gro\u00dfe \u00dcberraschung. Der DJK FSV Schwarzbach I zeigte sich, gegen\u00fcber dem Vortag, stark verbessert und konnte sich gleich im 1. Spiel gegen Schifferstadt f\u00fcr die Vortagesniederlage revanchieren und kam gegen Neuk\u00f6lln I zu einem Unentschieden. Bexbach konnte bezwungen werden und dann kam das entscheidende Spiel gegen Neuk\u00f6lln II, die bis dahin dieses Turnier souver\u00e4n beherrschten und noch keinen Gegentreffer zulie\u00dfen.\u00a0 Schwarzbach zeigte sich entschlossen, zielstrebig. nutzte dabei seine k\u00f6rperliche \u00dcberlegenheit aus und ging schon fr\u00fch in F\u00fchrung. Neuk\u00f6lln versuchte im Anschluss \u00a0alles, aber eine toll k\u00e4mpfende Schwarzbacher Mannschaft konnte den knappen Sieg \u00fcber die Zeit bringen und sich somit den Titel Deutscher DJK Hallenmeister der E-Junioren sichern. F\u00fcr Neuk\u00f6lln war dies nat\u00fcrlich bitter, hatte man im gesamten Turnier nur einen Gegentreffer hinnehmen m\u00fcssen und dieser bedeutete zugleich die einzige Niederlage und damit Platz 2.<\/p>\n<p>Insgesamt sahen die Zuschauer ein tolles Turnier mit hochklassigen Spielen und f\u00fcr die Aktiven war es\u00a0 eine tolle Erfahrung gegen Teams aus anderen Regionen der Republik zu spielen und Kontakte zu kn\u00fcpfen. Diese kamen nicht nur w\u00e4hrend den Spielen zustande sondern auch dadurch, dass z.B. die Mannschaften aus Neuk\u00f6lln und Bexbach im Sportlerheim Schwarzbach \u00fcbernachteten.<\/p>\n<p>Der Bundesfachwart Fu\u00dfball der DJK, J\u00fcrgen Martens, der mit seiner Crew extra aus Berlin angereist war, lobte bei der Siegerehrung die Mannschaften f\u00fcr die tollen und fairen Spiele und die gute Organisation, fand es aber schade, dass kein Vertreter aus Landkreis oder Gemeinde anwesend war, da diese Turniere doch eine gute M\u00f6glichkeit darstellen die Region \u00fcber die Grenzen Hessens hinaus zu pr\u00e4sentieren und zu zeigen, dass die Jugendarbeit in den Vereinen unterst\u00fctzt wird.<\/p>\n","protected":false},"excerpt":{"rendered":"<p>DJK Turnier der E-Junioren in Hofbieber ein voller Erfolg [imagebrowser id=5] Schwarzbachs E 1-Junioren Deutscher DJK Bundeshallenmeister Nachdem der DJK FSV Schwarzbach im Jahr 2010 bereits die DJK Bundeshallenmeisterschaften der C-Junioren austragen durfte, ist es dem Verein wieder gelungen die &hellip; <a href=\"https:\/\/fsv-schwarzbach.de\/index.php\/djk-turnier-2012\/\">Weiterlesen <span class=\"meta-nav\">&rarr;<\/span><\/a><\/p>\n","protected":false},"author":1,"featured_media":0,"parent":0,"menu_order":0,"comment_status":"closed","ping_status":"closed","template":"","meta":{"footnotes":""},"class_list":["post-265","page","type-page","status-publish","hentry"],"_links":{"self":[{"href":"https:\/\/fsv-schwarzbach.de\/index.php\/wp-json\/wp\/v2\/pages\/265","targetHints":{"allow":["GET"]}}],"collection":[{"href":"https:\/\/fsv-schwarzbach.de\/index.php\/wp-json\/wp\/v2\/pages"}],"about":[{"href":"https:\/\/fsv-schwarzbach.de\/index.php\/wp-json\/wp\/v2\/types\/page"}],"author":[{"embeddable":true,"href":"https:\/\/fsv-schwarzbach.de\/index.php\/wp-json\/wp\/v2\/users\/1"}],"replies":[{"embeddable":true,"href":"https:\/\/fsv-schwarzbach.de\/index.php\/wp-json\/wp\/v2\/comments?post=265"}],"version-history":[{"count":0,"href":"https:\/\/fsv-schwarzbach.de\/index.php\/wp-json\/wp\/v2\/pages\/265\/revisions"}],"wp:attachment":[{"href":"https:\/\/fsv-schwarzbach.de\/index.php\/wp-json\/wp\/v2\/media?parent=265"}],"curies":[{"name":"wp","href":"https:\/\/api.w.org\/{rel}","templated":true}]}}