{"id":56,"date":"2012-09-04T08:18:53","date_gmt":"2012-09-04T08:18:53","guid":{"rendered":"http:\/\/fsv-schwarzbach.de\/?page_id=56"},"modified":"2021-06-22T15:10:00","modified_gmt":"2021-06-22T14:10:00","slug":"der-vorstand","status":"publish","type":"page","link":"https:\/\/fsv-schwarzbach.de\/index.php\/der-vorstand\/","title":{"rendered":"Der Vorstand"},"content":{"rendered":"<p><strong>1. Vorsitzender<\/strong><br \/>\n<em><strong>Harald Sch\u00e4fer<\/strong><\/em><br \/>\nTanner Stra\u00dfe 33 b<br \/>\n36145 Hofbieber<br \/>\nTel. 06684\/1496<br \/>\n<em>vorstand@fsv-schwarzbach.de<\/em><\/p>\n<p><strong>2. Vorsitzender<\/strong><br \/>\n<em><strong>Josef Fl\u00fcgel<\/strong><\/em><br \/>\nKarl-Agricola-Weg 2<br \/>\n36093 K\u00fcnzell<\/p>\n<p><strong>Gesch\u00e4ftsf\u00fchrer<\/strong><br \/>\n<em><strong>Steffen Dostal<\/strong><\/em><br \/>\nSt\u00f6ckelser Str. 14<br \/>\n36100 Petersberg<br \/>\n<em>mitglieder@fsv-schwarzbach.de<\/em><\/p>\n<p><strong>Schriftf\u00fchrer<\/strong><br \/>\n<em><strong>Simon\u00a0Hauke<\/strong><\/em><br \/>\nHofbieberer Str. 3<br \/>\n36167 N\u00fcsttal<br \/>\n<em>info@fsv-schwarzbach.de<\/em><\/p>\n<p><strong>Finanzen<\/strong><br \/>\n<em><strong>Matthias Will<\/strong><\/em><br \/>\nSonnenweg 9<br \/>\n36145 Hofbieber<\/p>\n<p><strong>Kulturwart<\/strong><br \/>\n<em><strong>Stephan Klewitz<\/strong><\/em><br \/>\nBieneller Str. 4<br \/>\n36145 Hofbieber<\/p>\n<p><strong>Abteilung Seniorenfu\u00dfball<\/strong><br \/>\n<em><strong>Sebastian Rauner<\/strong><\/em><br \/>\nWallings 9<br \/>\n36145 Hofbieber<\/p>\n<p><strong>Abteilung Juniorenfu\u00dfball<\/strong><br \/>\n<em><strong>Marco Wagner<\/strong><\/em><br \/>\nAm St\u00f6ckfeld 3<br \/>\n36145 Hofbieber<\/p>\n<p><strong>Abteilung Tischtennis<\/strong><br \/>\n<em><strong>Sebastian Will<\/strong><\/em><br \/>\nSonnenweg 7<br \/>\n36145 Hofbieber<\/p>\n<p><strong>Abteilung Gymnastik<\/strong><br \/>\n<strong><em>Elisabeth Schl\u00f6der<\/em><\/strong><br \/>\nAm Sandberg 4<br \/>\n36145 Hofbieber<\/p>\n<p><strong>Beitragskassierer<\/strong><br \/>\n<em><strong>Helmut Weber<\/strong><\/em><br \/>\nWallings Nr. 4<br \/>\n36145 Hofbieber<\/p>\n","protected":false},"excerpt":{"rendered":"<p>1. Vorsitzender Harald Sch\u00e4fer Tanner Stra\u00dfe 33 b 36145 Hofbieber Tel. 06684\/1496 vorstand@fsv-schwarzbach.de 2. Vorsitzender Josef Fl\u00fcgel Karl-Agricola-Weg 2 36093 K\u00fcnzell Gesch\u00e4ftsf\u00fchrer Steffen Dostal St\u00f6ckelser Str. 14 36100 Petersberg mitglieder@fsv-schwarzbach.de Schriftf\u00fchrer Simon\u00a0Hauke Hofbieberer Str. 3 36167 N\u00fcsttal info@fsv-schwarzbach.de Finanzen Matthias &hellip; <a href=\"https:\/\/fsv-schwarzbach.de\/index.php\/der-vorstand\/\">Weiterlesen <span class=\"meta-nav\">&rarr;<\/span><\/a><\/p>\n","protected":false},"author":1,"featured_media":0,"parent":0,"menu_order":0,"comment_status":"closed","ping_status":"closed","template":"sidebar-page.php","meta":{"footnotes":""},"class_list":["post-56","page","type-page","status-publish","hentry"],"_links":{"self":[{"href":"https:\/\/fsv-schwarzbach.de\/index.php\/wp-json\/wp\/v2\/pages\/56","targetHints":{"allow":["GET"]}}],"collection":[{"href":"https:\/\/fsv-schwarzbach.de\/index.php\/wp-json\/wp\/v2\/pages"}],"about":[{"href":"https:\/\/fsv-schwarzbach.de\/index.php\/wp-json\/wp\/v2\/types\/page"}],"author":[{"embeddable":true,"href":"https:\/\/fsv-schwarzbach.de\/index.php\/wp-json\/wp\/v2\/users\/1"}],"replies":[{"embeddable":true,"href":"https:\/\/fsv-schwarzbach.de\/index.php\/wp-json\/wp\/v2\/comments?post=56"}],"version-history":[{"count":0,"href":"https:\/\/fsv-schwarzbach.de\/index.php\/wp-json\/wp\/v2\/pages\/56\/revisions"}],"wp:attachment":[{"href":"https:\/\/fsv-schwarzbach.de\/index.php\/wp-json\/wp\/v2\/media?parent=56"}],"curies":[{"name":"wp","href":"https:\/\/api.w.org\/{rel}","templated":true}]}}