{"id":878,"date":"2014-04-03T10:01:19","date_gmt":"2014-04-03T09:01:19","guid":{"rendered":"http:\/\/fsv-schwarzbach.de\/?page_id=878"},"modified":"2015-08-26T17:16:46","modified_gmt":"2015-08-26T16:16:46","slug":"werde-mitglied","status":"publish","type":"page","link":"https:\/\/fsv-schwarzbach.de\/index.php\/werde-mitglied\/","title":{"rendered":"Werde Mitglied&#8230;"},"content":{"rendered":"<p><span style=\"color: #000000;\">Im Anhang finden Sie die aktuelle Beitrittserkl\u00e4rung des DJK-FSV Schwarzbach. Diese k\u00f6nnen Sie bequem zu Hause ausdrucken, ausf\u00fcllen und bei Harald Sch\u00e4fer oder anderen Vorstandsmitgliedern abgeben.<\/span><\/p>\n<p style=\"text-align: center;\"><strong>Wir freuen uns \u00fcber jedes neue Mitglied beim DJK-FSV Schwarzbach!<\/strong><\/p>\n<p style=\"text-align: center;\"><a href=\"http:\/\/fsv-schwarzbach.de\/wp-content\/uploads\/2014\/04\/beitrittserklaerung-fsv1.pdf\"><span style=\"color: #339966;\"><strong>&#8211; <span style=\"color: #339966;\">Beitrittserkl\u00e4rung FSV<\/span>\u00a0&#8211;<\/strong><\/span><\/a><\/p>\n<p style=\"text-align: center;\"><strong>(Die Datei ist beschreibbar!!)<\/strong><\/p>\n","protected":false},"excerpt":{"rendered":"<p>Im Anhang finden Sie die aktuelle Beitrittserkl\u00e4rung des DJK-FSV Schwarzbach. Diese k\u00f6nnen Sie bequem zu Hause ausdrucken, ausf\u00fcllen und bei Harald Sch\u00e4fer oder anderen Vorstandsmitgliedern abgeben. Wir freuen uns \u00fcber jedes neue Mitglied beim DJK-FSV Schwarzbach! &#8211; Beitrittserkl\u00e4rung FSV\u00a0&#8211; (Die &hellip; <a href=\"https:\/\/fsv-schwarzbach.de\/index.php\/werde-mitglied\/\">Weiterlesen <span class=\"meta-nav\">&rarr;<\/span><\/a><\/p>\n","protected":false},"author":1,"featured_media":0,"parent":0,"menu_order":0,"comment_status":"closed","ping_status":"closed","template":"","meta":{"footnotes":""},"class_list":["post-878","page","type-page","status-publish","hentry"],"_links":{"self":[{"href":"https:\/\/fsv-schwarzbach.de\/index.php\/wp-json\/wp\/v2\/pages\/878","targetHints":{"allow":["GET"]}}],"collection":[{"href":"https:\/\/fsv-schwarzbach.de\/index.php\/wp-json\/wp\/v2\/pages"}],"about":[{"href":"https:\/\/fsv-schwarzbach.de\/index.php\/wp-json\/wp\/v2\/types\/page"}],"author":[{"embeddable":true,"href":"https:\/\/fsv-schwarzbach.de\/index.php\/wp-json\/wp\/v2\/users\/1"}],"replies":[{"embeddable":true,"href":"https:\/\/fsv-schwarzbach.de\/index.php\/wp-json\/wp\/v2\/comments?post=878"}],"version-history":[{"count":0,"href":"https:\/\/fsv-schwarzbach.de\/index.php\/wp-json\/wp\/v2\/pages\/878\/revisions"}],"wp:attachment":[{"href":"https:\/\/fsv-schwarzbach.de\/index.php\/wp-json\/wp\/v2\/media?parent=878"}],"curies":[{"name":"wp","href":"https:\/\/api.w.org\/{rel}","templated":true}]}}